{"id":6,"date":"2025-09-29T23:43:13","date_gmt":"2025-09-29T23:43:13","guid":{"rendered":"https:\/\/tky.com.mx\/?page_id=6"},"modified":"2025-09-30T21:33:36","modified_gmt":"2025-09-30T21:33:36","slug":"tky-promos-y-tecnologia","status":"publish","type":"page","link":"https:\/\/tky.com.mx\/?page_id=6","title":{"rendered":"Promocionales"},"content":{"rendered":"\n<div class=\"wp-block-group alignfull has-global-padding is-layout-constrained wp-container-core-group-is-layout-0c9c989a wp-block-group-is-layout-constrained\" style=\"min-height:0vh;margin-top:0;margin-bottom:0;padding-top:var(--wp--preset--spacing--70);padding-right:var(--wp--preset--spacing--40);padding-bottom:var(--wp--preset--spacing--70);padding-left:var(--wp--preset--spacing--40)\">\n<div class=\"wp-block-group has-global-padding is-layout-constrained wp-container-core-group-is-layout-346627ba wp-block-group-is-layout-constrained\">\n<h2 class=\"wp-block-heading has-text-align-center has-xx-large-font-size\" style=\"margin-right:0;margin-left:0;padding-right:0;padding-left:0\">Tenemos todo tipo de promocionales desde un L\u00e1piz hasta un avi\u00f3n de juguete<\/h2>\n\n\n\n<p class=\"has-text-align-center\">Atenci\u00f3n profesional y trasparencia en nuestras<br>operaciones<\/p>\n\n\n\n<div class=\"wp-block-buttons is-content-justification-center is-layout-flex wp-container-core-buttons-is-layout-a89b3969 wp-block-buttons-is-layout-flex\">\n<div class=\"wp-block-button\"><a class=\"wp-block-button__link wp-element-button\" href=\"https:\/\/wa.me\/524773979916?text=Hola%2C%20estoy%20interesado%20y%20quiero%20m%C3%A1s%20informaci%C3%B3n\">Cont\u00e1ctanos<\/a><\/div>\n<\/div>\n<\/div>\n<\/div>\n\n\n\n<div class=\"wp-block-group alignfull is-style-section-1 has-global-padding is-layout-constrained wp-block-group-is-layout-constrained\" style=\"margin-top:0;margin-bottom:0;padding-top:var(--wp--preset--spacing--80);padding-bottom:var(--wp--preset--spacing--80)\">\n<div class=\"wp-block-columns alignwide is-layout-flex wp-container-core-columns-is-layout-66fad18a wp-block-columns-is-layout-flex\">\n<div class=\"wp-block-column is-layout-flow wp-block-column-is-layout-flow\" style=\"padding-right:var(--wp--preset--spacing--50);flex-basis:45%\">\n<figure class=\"wp-block-gallery has-nested-images columns-default is-cropped wp-block-gallery-1 is-layout-flex wp-block-gallery-is-layout-flex\">\n<figure class=\"wp-block-image size-full is-style-default\"><img loading=\"lazy\" decoding=\"async\" width=\"719\" height=\"611\" data-id=\"27\" src=\"https:\/\/tky.com.mx\/wp-content\/uploads\/2025\/09\/Ecologico_MX_boxbanner.jpg\" alt=\"\" class=\"wp-image-27\" srcset=\"https:\/\/tky.com.mx\/wp-content\/uploads\/2025\/09\/Ecologico_MX_boxbanner.jpg 719w, https:\/\/tky.com.mx\/wp-content\/uploads\/2025\/09\/Ecologico_MX_boxbanner-300x255.jpg 300w\" sizes=\"auto, (max-width: 719px) 100vw, 719px\" \/><\/figure>\n<\/figure>\n\n\n\n<div class=\"wp-block-group has-global-padding is-layout-constrained wp-block-group-is-layout-constrained\" style=\"margin-top:-12vw\">\n<figure class=\"wp-block-image alignright size-full is-resized\" style=\"margin-right:-5vw;margin-left:-5vw\"><img loading=\"lazy\" decoding=\"async\" width=\"718\" height=\"610\" src=\"https:\/\/tky.com.mx\/wp-content\/uploads\/2025\/09\/xcolor_boxbanner-1.jpg\" alt=\"\" class=\"wp-image-13\" style=\"width:202px\" srcset=\"https:\/\/tky.com.mx\/wp-content\/uploads\/2025\/09\/xcolor_boxbanner-1.jpg 718w, https:\/\/tky.com.mx\/wp-content\/uploads\/2025\/09\/xcolor_boxbanner-1-300x255.jpg 300w\" sizes=\"auto, (max-width: 718px) 100vw, 718px\" \/><\/figure>\n<\/div>\n<\/div>\n\n\n\n<div class=\"wp-block-column is-vertically-aligned-center is-layout-flow wp-block-column-is-layout-flow\" style=\"padding-right:0;padding-left:0;flex-basis:50%\">\n<div class=\"wp-block-group is-vertical is-layout-flex wp-container-core-group-is-layout-fe9cc265 wp-block-group-is-layout-flex\">\n<h2 class=\"wp-block-heading is-style-text-annotation\">Tipos de productos<\/h2>\n<\/div>\n\n\n\n<p class=\"is-style-text-subtitle\">Manejamos productos amigables con el ambiente, de forma que ponemos de nuestra parte para hacer un cambio en la sociedad.<\/p>\n\n\n\n<p class=\"is-style-text-subtitle\">Tenemos una gran varidad de colores disponibles para la venta entre diferentes categorias.<\/p>\n\n\n\n<p class=\"is-style-text-subtitle\">Revisa abajo nuestros catalogos. <\/p>\n<\/div>\n<\/div>\n<\/div>\n\n\n\n<div class=\"wp-block-group alignfull has-global-padding is-layout-constrained wp-container-core-group-is-layout-ebee8dc1 wp-block-group-is-layout-constrained\" style=\"margin-top:0;margin-bottom:0;padding-top:var(--wp--preset--spacing--50);padding-bottom:var(--wp--preset--spacing--50)\">\n<h2 class=\"wp-block-heading alignwide\">Nuestros servicios<\/h2>\n\n\n\n<div class=\"wp-block-columns alignwide is-layout-flex wp-container-core-columns-is-layout-28f84493 wp-block-columns-is-layout-flex\">\n<div class=\"wp-block-column is-layout-flow wp-block-column-is-layout-flow\">\n<figure class=\"wp-block-image size-full\" style=\"margin-bottom:24px\"><a href=\"https:\/\/www.promocionalesenlinea.com\/TKYPromos\"><img loading=\"lazy\" decoding=\"async\" width=\"719\" height=\"611\" src=\"https:\/\/tky.com.mx\/wp-content\/uploads\/2025\/09\/Fiestas_Patrias_MX_boxbanner.jpg\" alt=\"\" class=\"wp-image-16\" style=\"aspect-ratio:4\/3;object-fit:cover\" srcset=\"https:\/\/tky.com.mx\/wp-content\/uploads\/2025\/09\/Fiestas_Patrias_MX_boxbanner.jpg 719w, https:\/\/tky.com.mx\/wp-content\/uploads\/2025\/09\/Fiestas_Patrias_MX_boxbanner-300x255.jpg 300w\" sizes=\"auto, (max-width: 719px) 100vw, 719px\" \/><\/a><\/figure>\n\n\n\n<h3 class=\"wp-block-heading\"><a href=\"https:\/\/www.promocionalesenlinea.com\/TKYPromos\">Promocionales de todo tipo<\/a> <\/h3>\n\n\n\n<p class=\"has-medium-font-size\">Termos, cilindros, mochilas, para el hogar, textiles, gorras, bolsas, estre otros. <\/p>\n<\/div>\n\n\n\n<div class=\"wp-block-column is-layout-flow wp-block-column-is-layout-flow\">\n<figure class=\"wp-block-image size-full\" style=\"margin-bottom:24px\"><a href=\"https:\/\/tky.muy.promo\/\"><img loading=\"lazy\" decoding=\"async\" width=\"262\" height=\"192\" src=\"https:\/\/tky.com.mx\/wp-content\/uploads\/2025\/09\/images.jpg\" alt=\"\" class=\"wp-image-29\" style=\"aspect-ratio:4\/3;object-fit:cover\"\/><\/a><\/figure>\n\n\n\n<h3 class=\"wp-block-heading\"><a href=\"https:\/\/tky.muy.promo\/\">Promocionales de marca<\/a><\/h3>\n\n\n\n<p class=\"has-medium-font-size\">Promocionales con dise\u00f1os diferentes y un nuevo enfoque<\/p>\n<\/div>\n\n\n\n<div class=\"wp-block-column is-layout-flow wp-block-column-is-layout-flow\">\n<figure class=\"wp-block-image size-full\" style=\"margin-bottom:24px\"><a href=\"https:\/\/maxamexico.mx\/mycavi\/productos\/bebibles\"><img loading=\"lazy\" decoding=\"async\" width=\"225\" height=\"225\" src=\"https:\/\/tky.com.mx\/wp-content\/uploads\/2025\/09\/descarga.jpg\" alt=\"\" class=\"wp-image-33\" style=\"aspect-ratio:4\/3;object-fit:cover\" srcset=\"https:\/\/tky.com.mx\/wp-content\/uploads\/2025\/09\/descarga.jpg 225w, https:\/\/tky.com.mx\/wp-content\/uploads\/2025\/09\/descarga-150x150.jpg 150w\" sizes=\"auto, (max-width: 225px) 100vw, 225px\" \/><\/a><\/figure>\n\n\n\n<h3 class=\"wp-block-heading\"><a href=\"https:\/\/maxamexico.mx\/mycavi\/productos\/bebibles\">Promocionales especialistas en termos<\/a><\/h3>\n\n\n\n<p class=\"has-medium-font-size\">Termos de calidad a un excelente precio<\/p>\n<\/div>\n<\/div>\n<\/div>\n\n\n\n<div class=\"wp-block-group alignfull has-global-padding is-layout-constrained wp-block-group-is-layout-constrained\" style=\"margin-top:0;margin-bottom:0;padding-top:var(--wp--preset--spacing--60);padding-bottom:var(--wp--preset--spacing--60)\">\n<div class=\"wp-block-columns alignwide is-layout-flex wp-container-core-columns-is-layout-74b2cda3 wp-block-columns-is-layout-flex\">\n<div class=\"wp-block-column is-layout-flow wp-block-column-is-layout-flow\">\n<div class=\"wp-block-group is-vertical is-content-justification-left is-layout-flex wp-container-core-group-is-layout-7ce391b6 wp-block-group-is-layout-flex\" style=\"min-height:100%\">\n<h2 class=\"wp-block-heading is-style-text-annotation is-style-default\" style=\"border-style:none;border-width:0px;border-radius:0px;font-size:clamp(32.518px, 2.032rem + ((1vw - 3.2px) * 2.654), 58px);\">Personalizado en varias t\u00e9cnicas <\/h2>\n\n\n\n<blockquote class=\"wp-block-quote is-style-plain has-x-large-font-size is-layout-flow wp-container-core-quote-is-layout-5dafc681 wp-block-quote-is-layout-flow is-style-plain--2\" style=\"font-style:normal;font-weight:400\">\n<div class=\"wp-block-group has-global-padding is-content-justification-left is-layout-constrained wp-container-core-group-is-layout-085bd3d9 wp-block-group-is-layout-constrained\" style=\"margin-top:0;margin-bottom:0;padding-top:0;padding-right:0;padding-bottom:0;padding-left:0\">\n<p style=\"font-size:clamp(1.551rem, 1.551rem + ((1vw - 0.2rem) * 1.748), 2.6rem);\">Serifgraf\u00eda<\/p>\n\n\n\n<p>Grabado Laser<\/p>\n\n\n\n<p>Impresi\u00f3n en DTF<\/p>\n<\/div>\n<\/blockquote>\n<\/div>\n<\/div>\n\n\n\n<div class=\"wp-block-column is-layout-flow wp-block-column-is-layout-flow\" style=\"padding-top:0;padding-right:0;padding-bottom:0;padding-left:0\">\n<figure class=\"wp-block-image size-full\"><img loading=\"lazy\" decoding=\"async\" width=\"1024\" height=\"1024\" src=\"https:\/\/tky.com.mx\/wp-content\/uploads\/2025\/09\/Designer-2.jpg\" alt=\"\" class=\"wp-image-55\" style=\"aspect-ratio:1;object-fit:cover\" srcset=\"https:\/\/tky.com.mx\/wp-content\/uploads\/2025\/09\/Designer-2.jpg 1024w, https:\/\/tky.com.mx\/wp-content\/uploads\/2025\/09\/Designer-2-300x300.jpg 300w, https:\/\/tky.com.mx\/wp-content\/uploads\/2025\/09\/Designer-2-150x150.jpg 150w, https:\/\/tky.com.mx\/wp-content\/uploads\/2025\/09\/Designer-2-768x768.jpg 768w\" sizes=\"auto, (max-width: 1024px) 100vw, 1024px\" \/><\/figure>\n<\/div>\n<\/div>\n<\/div>\n\n\n\n<aside class=\"wp-block-group alignfull is-style-section-3 has-global-padding is-layout-constrained wp-container-core-group-is-layout-f0f2a97b wp-block-group-is-layout-constrained\" style=\"margin-top:0;margin-bottom:0;padding-top:var(--wp--preset--spacing--50);padding-right:var(--wp--preset--spacing--50);padding-bottom:var(--wp--preset--spacing--50);padding-left:var(--wp--preset--spacing--50)\">\n<div class=\"wp-block-group is-vertical is-content-justification-center is-layout-flex wp-container-core-group-is-layout-8778ca4a wp-block-group-is-layout-flex\" style=\"min-height:360px;margin-top:0;margin-bottom:0\">\n<h2 class=\"wp-block-heading has-text-align-center has-xx-large-font-size\">Si requieries alguna cotizaci\u00f3n escr\u00edbenos a ventas@tky.com.mx o ll\u00e1manos al 477 397 9916<\/h2>\n\n\n\n<div style=\"height:0px\" aria-hidden=\"true\" class=\"wp-block-spacer wp-container-content-62aae154\"><\/div>\n\n\n\n<div class=\"wp-block-buttons is-content-justification-center is-layout-flex wp-container-core-buttons-is-layout-a89b3969 wp-block-buttons-is-layout-flex\">\n<div class=\"wp-block-button\"><a class=\"wp-block-button__link has-text-align-center wp-element-button\" href=\"https:\/\/wa.me\/524773979916?text=Hola%2C%20estoy%20interesado%20y%20quiero%20m%C3%A1s%20informaci%C3%B3n\">Cont\u00e1ctanos<\/a><\/div>\n<\/div>\n<\/div>\n<\/aside>\n","protected":false},"excerpt":{"rendered":"<p>Tenemos todo tipo de promocionales desde un L\u00e1piz hasta un avi\u00f3n de juguete Atenci\u00f3n profesional y trasparencia en nuestrasoperaciones Tipos de productos Manejamos productos amigables con el ambiente, de forma que ponemos de nuestra parte para hacer un cambio en la sociedad. Tenemos una gran varidad de colores disponibles para la venta entre diferentes categorias. [&hellip;]<\/p>\n","protected":false},"author":1,"featured_media":23,"parent":0,"menu_order":0,"comment_status":"closed","ping_status":"closed","template":"","meta":{"footnotes":""},"class_list":["post-6","page","type-page","status-publish","has-post-thumbnail","hentry"],"_links":{"self":[{"href":"https:\/\/tky.com.mx\/index.php?rest_route=\/wp\/v2\/pages\/6","targetHints":{"allow":["GET"]}}],"collection":[{"href":"https:\/\/tky.com.mx\/index.php?rest_route=\/wp\/v2\/pages"}],"about":[{"href":"https:\/\/tky.com.mx\/index.php?rest_route=\/wp\/v2\/types\/page"}],"author":[{"embeddable":true,"href":"https:\/\/tky.com.mx\/index.php?rest_route=\/wp\/v2\/users\/1"}],"replies":[{"embeddable":true,"href":"https:\/\/tky.com.mx\/index.php?rest_route=%2Fwp%2Fv2%2Fcomments&post=6"}],"version-history":[{"count":17,"href":"https:\/\/tky.com.mx\/index.php?rest_route=\/wp\/v2\/pages\/6\/revisions"}],"predecessor-version":[{"id":97,"href":"https:\/\/tky.com.mx\/index.php?rest_route=\/wp\/v2\/pages\/6\/revisions\/97"}],"wp:featuredmedia":[{"embeddable":true,"href":"https:\/\/tky.com.mx\/index.php?rest_route=\/wp\/v2\/media\/23"}],"wp:attachment":[{"href":"https:\/\/tky.com.mx\/index.php?rest_route=%2Fwp%2Fv2%2Fmedia&parent=6"}],"curies":[{"name":"wp","href":"https:\/\/api.w.org\/{rel}","templated":true}]}}